{"id":3159,"date":"2020-09-03T14:08:06","date_gmt":"2020-09-03T12:08:06","guid":{"rendered":"http:\/\/scanncut-brother.be\/?page_id=3159"},"modified":"2020-09-08T09:44:32","modified_gmt":"2020-09-08T07:44:32","slug":"kit-embossage","status":"publish","type":"page","link":"https:\/\/scanncut-brother.be\/index.php\/accessoires\/embossage\/kit-embossage\/","title":{"rendered":"Kit de d\u00e9marrage pour l&#8217;embossage"},"content":{"rendered":"<div class=\"wpb-content-wrapper\"><p>[vc_row css_animation=\u00a0\u00bb\u00a0\u00bb row_type=\u00a0\u00bbrow\u00a0\u00bb use_row_as_full_screen_section=\u00a0\u00bbno\u00a0\u00bb type=\u00a0\u00bbgrid\u00a0\u00bb angled_section=\u00a0\u00bbno\u00a0\u00bb text_align=\u00a0\u00bbleft\u00a0\u00bb background_image_as_pattern=\u00a0\u00bbwithout_pattern\u00a0\u00bb z_index=\u00a0\u00bb\u00a0\u00bb][vc_column offset=\u00a0\u00bbvc_hidden-xs\u00a0\u00bb][vc_empty_space height=\u00a0\u00bb60px\u00a0\u00bb][\/vc_column][\/vc_row][vc_row css_animation=\u00a0\u00bb\u00a0\u00bb row_type=\u00a0\u00bbrow\u00a0\u00bb use_row_as_full_screen_section=\u00a0\u00bbno\u00a0\u00bb type=\u00a0\u00bbgrid\u00a0\u00bb angled_section=\u00a0\u00bbno\u00a0\u00bb text_align=\u00a0\u00bbleft\u00a0\u00bb background_image_as_pattern=\u00a0\u00bbwithout_pattern\u00a0\u00bb z_index=\u00a0\u00bb\u00a0\u00bb][vc_column offset=\u00a0\u00bbvc_hidden-xs\u00a0\u00bb][vc_row_inner row_type=\u00a0\u00bbrow\u00a0\u00bb type=\u00a0\u00bbgrid\u00a0\u00bb text_align=\u00a0\u00bbcenter\u00a0\u00bb css_animation=\u00a0\u00bb\u00a0\u00bb][vc_column_inner width=\u00a0\u00bb1\/12&Prime;][vc_single_image image=\u00a0\u00bb3142&Prime; alignment=\u00a0\u00bbcenter\u00a0\u00bb onclick=\u00a0\u00bblink_image\u00a0\u00bb qode_css_animation=\u00a0\u00bb\u00a0\u00bb css=\u00a0\u00bb.vc_custom_1599210826071{padding-top: 10px !important;padding-bottom: 10px !important;}\u00a0\u00bb][vc_single_image image=\u00a0\u00bb3145&Prime; alignment=\u00a0\u00bbcenter\u00a0\u00bb onclick=\u00a0\u00bblink_image\u00a0\u00bb qode_css_animation=\u00a0\u00bb\u00a0\u00bb css=\u00a0\u00bb.vc_custom_1599210833586{padding-top: 10px !important;padding-bottom: 10px !important;}\u00a0\u00bb][vc_single_image image=\u00a0\u00bb3132&Prime; alignment=\u00a0\u00bbcenter\u00a0\u00bb onclick=\u00a0\u00bblink_image\u00a0\u00bb qode_css_animation=\u00a0\u00bb\u00a0\u00bb css=\u00a0\u00bb.vc_custom_1599210844717{padding-top: 10px !important;padding-bottom: 10px !important;}\u00a0\u00bb][\/vc_column_inner][vc_column_inner width=\u00a0\u00bb5\/12&Prime;][vc_single_image image=\u00a0\u00bb3140&Prime; img_size=\u00a0\u00bbfull\u00a0\u00bb alignment=\u00a0\u00bbcenter\u00a0\u00bb onclick=\u00a0\u00bblink_image\u00a0\u00bb qode_css_animation=\u00a0\u00bb\u00a0\u00bb css=\u00a0\u00bb.vc_custom_1599133709250{padding-right: 20px !important;padding-left: 20px !important;}\u00a0\u00bb][\/vc_column_inner][vc_column_inner width=\u00a0\u00bb1\/12&Prime;][\/vc_column_inner][vc_column_inner width=\u00a0\u00bb5\/12&Prime;][vc_column_text]<\/p>\n<h2 style=\"text-align: left;\">Kit de d\u00e9marrage pour l&#8217;embossage<\/h2>\n<p>[\/vc_column_text][vc_column_text]<\/p>\n<p style=\"text-align: left;\">R\u00e9f: CAEBSKIT1<\/p>\n<p>[\/vc_column_text][vc_separator type=\u00a0\u00bbnormal\u00a0\u00bb color=\u00a0\u00bb#b3dd40&Prime;][vc_empty_space][vc_column_text]<\/p>\n<p style=\"text-align: left;\">Le kit de d\u00e9marrage d&#8217;embossage vous permet de cr\u00e9er des motifs en reliefs pour vos cartes, des embelissements pour vos pages de Scrapbooking ou encore des d\u00e9corations pour vos tables et int\u00e9rieurs en utilisant des papiers et feuilles m\u00e9talliques.<\/p>\n<p>[\/vc_column_text][vc_empty_space height=\u00a0\u00bb60px\u00a0\u00bb]<a  itemprop=\"url\" href=\"https:\/\/www.stecker.be\/fr\/produit=kit-de-demarrage-embossage-scanncut-brother&#038;id=s79895\" target=\"_self\" data-hover-background-color=\"#b3dd40\" data-hover-border-color=\"#b3dd40\" class=\"qbutton  medium center default\" style=\"border-color: #b3dd40; background-color:#b3dd40;\">Acheter sur www.stecker.be<\/a>[\/vc_column_inner][\/vc_row_inner][\/vc_column][\/vc_row][vc_row css_animation=\u00a0\u00bb\u00a0\u00bb row_type=\u00a0\u00bbrow\u00a0\u00bb use_row_as_full_screen_section=\u00a0\u00bbno\u00a0\u00bb type=\u00a0\u00bbgrid\u00a0\u00bb angled_section=\u00a0\u00bbno\u00a0\u00bb text_align=\u00a0\u00bbleft\u00a0\u00bb background_image_as_pattern=\u00a0\u00bbwithout_pattern\u00a0\u00bb z_index=\u00a0\u00bb\u00a0\u00bb][vc_column offset=\u00a0\u00bbvc_hidden-lg vc_hidden-md vc_hidden-sm\u00a0\u00bb][vc_column_text]<\/p>\n<h2 style=\"text-align: left;\">Kit de d\u00e9marrage pour l&#8217;embossage<\/h2>\n<p>[\/vc_column_text][vc_column_text]<\/p>\n<p style=\"text-align: left;\">R\u00e9f: CAEBSKIT1<\/p>\n<p>[\/vc_column_text][vc_separator type=\u00a0\u00bbnormal\u00a0\u00bb color=\u00a0\u00bb#b3dd40&Prime;][vc_empty_space][vc_single_image image=\u00a0\u00bb3140&Prime; img_size=\u00a0\u00bbfull\u00a0\u00bb alignment=\u00a0\u00bbcenter\u00a0\u00bb onclick=\u00a0\u00bblink_image\u00a0\u00bb qode_css_animation=\u00a0\u00bb\u00a0\u00bb css=\u00a0\u00bb.vc_custom_1599133709250{padding-right: 20px !important;padding-left: 20px !important;}\u00a0\u00bb][vc_empty_space][vc_row_inner row_type=\u00a0\u00bbrow\u00a0\u00bb type=\u00a0\u00bbfull_width\u00a0\u00bb text_align=\u00a0\u00bbcenter\u00a0\u00bb css_animation=\u00a0\u00bb\u00a0\u00bb][vc_column_inner][qode_content_slider auto_rotate=\u00a0\u00bb5&Prime; enable_drag=\u00a0\u00bbyes\u00a0\u00bb direction_nav=\u00a0\u00bbyes\u00a0\u00bb control_nav=\u00a0\u00bbyes\u00a0\u00bb control_nav_justify=\u00a0\u00bbno\u00a0\u00bb pause_on_hover=\u00a0\u00bbyes\u00a0\u00bb][qode_content_slider_item][vc_single_image image=\u00a0\u00bb3142&Prime; alignment=\u00a0\u00bbcenter\u00a0\u00bb onclick=\u00a0\u00bblink_image\u00a0\u00bb qode_css_animation=\u00a0\u00bb\u00a0\u00bb css=\u00a0\u00bb.vc_custom_1599210858529{padding-top: 10px !important;padding-bottom: 10px !important;}\u00a0\u00bb][\/qode_content_slider_item][qode_content_slider_item][vc_single_image image=\u00a0\u00bb3145&Prime; alignment=\u00a0\u00bbcenter\u00a0\u00bb onclick=\u00a0\u00bblink_image\u00a0\u00bb qode_css_animation=\u00a0\u00bb\u00a0\u00bb css=\u00a0\u00bb.vc_custom_1599210866334{padding-top: 10px !important;padding-bottom: 10px !important;}\u00a0\u00bb][\/qode_content_slider_item][qode_content_slider_item][vc_single_image image=\u00a0\u00bb3132&Prime; alignment=\u00a0\u00bbcenter\u00a0\u00bb onclick=\u00a0\u00bblink_image\u00a0\u00bb qode_css_animation=\u00a0\u00bb\u00a0\u00bb css=\u00a0\u00bb.vc_custom_1599210875126{padding-top: 10px !important;padding-bottom: 10px !important;}\u00a0\u00bb][\/qode_content_slider_item][\/qode_content_slider][\/vc_column_inner][\/vc_row_inner][vc_empty_space][vc_column_text]<\/p>\n<p style=\"text-align: left;\">Le kit de d\u00e9marrage d&#8217;embossage vous permet de cr\u00e9er des cartes, des embelissements pour vos pages de Scrapbooking ou encore des d\u00e9corations pour vos tables et int\u00e9rieurs en utilisant des papiers et feuilles m\u00e9talliques.<\/p>\n<p>[\/vc_column_text][vc_empty_space height=\u00a0\u00bb60px\u00a0\u00bb]<a  itemprop=\"url\" href=\"https:\/\/www.stecker.be\/fr\/produit=kit-de-demarrage-embossage-scanncut-brother&#038;id=s79895\" target=\"_self\" data-hover-background-color=\"#b3dd40\" data-hover-border-color=\"#b3dd40\" class=\"qbutton  medium center default\" style=\"border-color: #b3dd40; background-color:#b3dd40;\">Acheter sur www.stecker.be<\/a>[\/vc_column][\/vc_row][vc_row css_animation=\u00a0\u00bb\u00a0\u00bb row_type=\u00a0\u00bbrow\u00a0\u00bb use_row_as_full_screen_section=\u00a0\u00bbno\u00a0\u00bb type=\u00a0\u00bbgrid\u00a0\u00bb angled_section=\u00a0\u00bbno\u00a0\u00bb text_align=\u00a0\u00bbleft\u00a0\u00bb background_image_as_pattern=\u00a0\u00bbwithout_pattern\u00a0\u00bb z_index=\u00a0\u00bb\u00a0\u00bb][vc_column][vc_empty_space height=\u00a0\u00bb60px\u00a0\u00bb][\/vc_column][\/vc_row][vc_row css_animation=\u00a0\u00bb\u00a0\u00bb row_type=\u00a0\u00bbrow\u00a0\u00bb use_row_as_full_screen_section=\u00a0\u00bbno\u00a0\u00bb type=\u00a0\u00bbfull_width\u00a0\u00bb angled_section=\u00a0\u00bbno\u00a0\u00bb text_align=\u00a0\u00bbleft\u00a0\u00bb background_image_as_pattern=\u00a0\u00bbwithout_pattern\u00a0\u00bb css=\u00a0\u00bb.vc_custom_1577109581989{background-color: #ffffff !important;}\u00a0\u00bb z_index=\u00a0\u00bb\u00a0\u00bb background_color=\u00a0\u00bb#ffffff\u00a0\u00bb][vc_column][vc_empty_space height=\u00a0\u00bb60px\u00a0\u00bb][vc_row_inner row_type=\u00a0\u00bbrow\u00a0\u00bb type=\u00a0\u00bbgrid\u00a0\u00bb text_align=\u00a0\u00bbleft\u00a0\u00bb css_animation=\u00a0\u00bb\u00a0\u00bb][vc_column_inner width=\u00a0\u00bb2\/3&Prime;][vc_column_text]<\/p>\n<h3>Description<\/h3>\n<p>[\/vc_column_text][vc_separator type=\u00a0\u00bbnormal\u00a0\u00bb color=\u00a0\u00bb#b3dd40&Prime;][vc_empty_space][vc_column_text]L&#8217;embossage est une technique qui a pour objectif de cr\u00e9er des formes en relief dans du papier ou un autre mat\u00e9riau d\u00e9formable. C&rsquo;est la version artisanale de l&#8217;emboutissage, qui s&rsquo;applique le plus souvent \u00e0 de la t\u00f4le.<\/p>\n<p>&nbsp;<\/p>\n<p><strong>Il existe deux types d&#8217;embossage:<\/strong><\/p>\n<p>&nbsp;<\/p>\n<p>Embossage lin\u00e9aire<br \/>\nEffet d&#8217;embossage cr\u00e9\u00e9 \u00e0 l&rsquo;aide des lignes du motifs<\/p>\n<p>&nbsp;<\/p>\n<p>Embossage de zone\u00a0&#8211;\u00a0Seul Brother ScanNCut dispose de cette possibilit\u00e9 sur le march\u00e9 !<br \/>\nEffet d&#8217;embossage cr\u00e9\u00e9 \u00e0 l&rsquo;aide des zones du motif[\/vc_column_text][vc_empty_space][\/vc_column_inner][vc_column_inner width=\u00a0\u00bb1\/3&Prime;][vc_single_image image=\u00a0\u00bb3141&Prime; img_size=\u00a0\u00bbmedium\u00a0\u00bb alignment=\u00a0\u00bbcenter\u00a0\u00bb qode_css_animation=\u00a0\u00bb\u00a0\u00bb][\/vc_column_inner][\/vc_row_inner][vc_row_inner row_type=\u00a0\u00bbrow\u00a0\u00bb type=\u00a0\u00bbgrid\u00a0\u00bb text_align=\u00a0\u00bbleft\u00a0\u00bb css_animation=\u00a0\u00bb\u00a0\u00bb][vc_column_inner][vc_empty_space height=\u00a0\u00bb60px\u00a0\u00bb][\/vc_column_inner][\/vc_row_inner][vc_row_inner row_type=\u00a0\u00bbrow\u00a0\u00bb type=\u00a0\u00bbgrid\u00a0\u00bb text_align=\u00a0\u00bbleft\u00a0\u00bb css_animation=\u00a0\u00bb\u00a0\u00bb][vc_column_inner][vc_single_image image=\u00a0\u00bb3163&Prime; img_size=\u00a0\u00bbmedium\u00a0\u00bb alignment=\u00a0\u00bbcenter\u00a0\u00bb onclick=\u00a0\u00bblink_image\u00a0\u00bb qode_css_animation=\u00a0\u00bb\u00a0\u00bb][vc_empty_space height=\u00a0\u00bb60px\u00a0\u00bb][vc_column_text]Contenu : Support d&#8217;embossage (305 x 241mm), Feuille de mod\u00e8le d&#8217;embossage (305 x 305 mm), un porte outil d&#8217;embossage, deux outils d&#8217;embossage (1,5 et 3 mm), deux feuilles m\u00e9talliques (couleur aluminium et cuivre), Feuille de support pour num\u00e9risation (305 x 305mm), Carte d&rsquo;activation CanvasWorkspace.<\/p>\n<p>&nbsp;<\/p>\n<p>\u00c0 utiliser avec les machines de d\u00e9coupe &amp; tra\u00e7age ScanNCut Brother.<\/p>\n<p>&nbsp;<\/p>\n<p>Un compte au logiciel CanvasWorkspace (gratuit) et une connexion internet sont n\u00e9cessaires pour l\u2019activation de la carte.[\/vc_column_text][\/vc_column_inner][\/vc_row_inner][vc_empty_space height=\u00a0\u00bb60px\u00a0\u00bb][\/vc_column][\/vc_row][vc_row css_animation=\u00a0\u00bb\u00a0\u00bb row_type=\u00a0\u00bbrow\u00a0\u00bb use_row_as_full_screen_section=\u00a0\u00bbno\u00a0\u00bb type=\u00a0\u00bbgrid\u00a0\u00bb angled_section=\u00a0\u00bbno\u00a0\u00bb text_align=\u00a0\u00bbleft\u00a0\u00bb background_image_as_pattern=\u00a0\u00bbwithout_pattern\u00a0\u00bb css=\u00a0\u00bb.vc_custom_1599207240664{background-color: #ffffff !important;}\u00a0\u00bb z_index=\u00a0\u00bb\u00a0\u00bb background_color=\u00a0\u00bb#ffffff\u00a0\u00bb][vc_column][vc_column_text]<\/p>\n<h3>Embossage de zone et embossage lin\u00e9aire<\/h3>\n<p>[\/vc_column_text][vc_separator type=\u00a0\u00bbnormal\u00a0\u00bb color=\u00a0\u00bb#b3dd40&Prime;][vc_empty_space][vc_row_inner row_type=\u00a0\u00bbrow\u00a0\u00bb type=\u00a0\u00bbfull_width\u00a0\u00bb text_align=\u00a0\u00bbleft\u00a0\u00bb css_animation=\u00a0\u00bb\u00a0\u00bb][vc_column_inner width=\u00a0\u00bb1\/12&Prime;][\/vc_column_inner][vc_column_inner width=\u00a0\u00bb5\/12&Prime;][vc_video link=\u00a0\u00bbhttps:\/\/youtu.be\/-BNHwUx94gs?list=PLDN9pEI8W-u2KL-q1vxZvuyUci0YrqdC3&Prime;][\/vc_column_inner][vc_column_inner width=\u00a0\u00bb5\/12&Prime;][vc_video link=\u00a0\u00bbhttps:\/\/youtu.be\/B2xxsP9PMqU?list=PLDN9pEI8W-u2KL-q1vxZvuyUci0YrqdC3&Prime;][\/vc_column_inner][vc_column_inner width=\u00a0\u00bb1\/12&Prime;][\/vc_column_inner][\/vc_row_inner][vc_empty_space height=\u00a0\u00bb60px\u00a0\u00bb][\/vc_column][\/vc_row][vc_row css_animation=\u00a0\u00bb\u00a0\u00bb row_type=\u00a0\u00bbrow\u00a0\u00bb use_row_as_full_screen_section=\u00a0\u00bbno\u00a0\u00bb type=\u00a0\u00bbgrid\u00a0\u00bb angled_section=\u00a0\u00bbno\u00a0\u00bb text_align=\u00a0\u00bbleft\u00a0\u00bb background_image_as_pattern=\u00a0\u00bbwithout_pattern\u00a0\u00bb z_index=\u00a0\u00bb\u00a0\u00bb background_color=\u00a0\u00bb#ffffff\u00a0\u00bb][vc_column][vc_empty_space height=\u00a0\u00bb60px\u00a0\u00bb][\/vc_column][\/vc_row][vc_row css_animation=\u00a0\u00bb\u00a0\u00bb row_type=\u00a0\u00bbrow\u00a0\u00bb use_row_as_full_screen_section=\u00a0\u00bbno\u00a0\u00bb type=\u00a0\u00bbgrid\u00a0\u00bb angled_section=\u00a0\u00bbno\u00a0\u00bb text_align=\u00a0\u00bbleft\u00a0\u00bb background_image_as_pattern=\u00a0\u00bbwithout_pattern\u00a0\u00bb z_index=\u00a0\u00bb\u00a0\u00bb background_color=\u00a0\u00bb#ffffff\u00a0\u00bb][vc_column][vc_column_text]<\/p>\n<h2 style=\"text-align: center;\"><span id=\"ctl00_ContentPlaceHolder1_RelatedProducts1_LabelRelatedTitle\">Produits apparent\u00e9s<\/span><\/h2>\n<p>[\/vc_column_text][vc_separator type=\u00a0\u00bbsmall\u00a0\u00bb position=\u00a0\u00bbcenter\u00a0\u00bb color=\u00a0\u00bb#b3dd40&Prime;][vc_empty_space][vc_row_inner row_type=\u00a0\u00bbrow\u00a0\u00bb type=\u00a0\u00bbfull_width\u00a0\u00bb text_align=\u00a0\u00bbleft\u00a0\u00bb css_animation=\u00a0\u00bb\u00a0\u00bb][vc_column_inner width=\u00a0\u00bb1\/4&Prime; offset=\u00a0\u00bbvc_hidden-xs\u00a0\u00bb][\/vc_column_inner][vc_column_inner width=\u00a0\u00bb1\/4&Prime; offset=\u00a0\u00bbvc_hidden-xs\u00a0\u00bb][vc_single_image image=\u00a0\u00bb3138&Prime; img_size=\u00a0\u00bbfull\u00a0\u00bb alignment=\u00a0\u00bbcenter\u00a0\u00bb style=\u00a0\u00bbvc_box_shadow\u00a0\u00bb onclick=\u00a0\u00bbcustom_link\u00a0\u00bb qode_css_animation=\u00a0\u00bb\u00a0\u00bb qode_hover_animation=\u00a0\u00bbzoom_in\u00a0\u00bb link=\u00a0\u00bbhttp:\/\/scanncut-brother.be\/index.php\/accessoires\/embossage\/3-feuilles-modele-embossage\/\u00a0\u00bb][vc_empty_space height=\u00a0\u00bb20px\u00a0\u00bb][vc_column_text]<\/p>\n<h5 style=\"text-align: center;\"><a href=\"http:\/\/scanncut-brother.be\/index.php\/accessoires\/embossage\/3-feuilles-modele-embossage\/\">Feuilles mod\u00e8le embossage (3)<\/a><\/h5>\n<p>[\/vc_column_text][vc_empty_space][\/vc_column_inner][vc_column_inner width=\u00a0\u00bb1\/4&Prime; offset=\u00a0\u00bbvc_hidden-xs\u00a0\u00bb][vc_single_image image=\u00a0\u00bb3136&Prime; img_size=\u00a0\u00bbfull\u00a0\u00bb alignment=\u00a0\u00bbcenter\u00a0\u00bb style=\u00a0\u00bbvc_box_shadow\u00a0\u00bb onclick=\u00a0\u00bbcustom_link\u00a0\u00bb qode_css_animation=\u00a0\u00bb\u00a0\u00bb qode_hover_animation=\u00a0\u00bbzoom_in\u00a0\u00bb link=\u00a0\u00bbhttp:\/\/scanncut-brother.be\/index.php\/accessoires\/embossage\/2-feuilles-cuivre\/\u00a0\u00bb][vc_empty_space height=\u00a0\u00bb20px\u00a0\u00bb][vc_column_text]<\/p>\n<h5 id=\"h1item\" style=\"text-align: center;\"><a href=\"http:\/\/scanncut-brother.be\/index.php\/accessoires\/embossage\/2-feuilles-cuivre\/\">Feuilles m\u00e9talliques couleur cuivre<\/a><\/h5>\n<p>[\/vc_column_text][vc_empty_space][\/vc_column_inner][vc_column_inner width=\u00a0\u00bb1\/4&Prime; offset=\u00a0\u00bbvc_hidden-xs\u00a0\u00bb][\/vc_column_inner][\/vc_row_inner][vc_row_inner row_type=\u00a0\u00bbrow\u00a0\u00bb type=\u00a0\u00bbfull_width\u00a0\u00bb text_align=\u00a0\u00bbleft\u00a0\u00bb css_animation=\u00a0\u00bb\u00a0\u00bb][vc_column_inner offset=\u00a0\u00bbvc_hidden-lg vc_hidden-md vc_hidden-sm\u00a0\u00bb][qode_content_slider auto_rotate=\u00a0\u00bb5&Prime; enable_drag=\u00a0\u00bbyes\u00a0\u00bb direction_nav=\u00a0\u00bbyes\u00a0\u00bb control_nav=\u00a0\u00bbyes\u00a0\u00bb control_nav_justify=\u00a0\u00bbno\u00a0\u00bb pause_on_hover=\u00a0\u00bbyes\u00a0\u00bb][qode_content_slider_item][vc_single_image image=\u00a0\u00bb3138&Prime; img_size=\u00a0\u00bbfull\u00a0\u00bb alignment=\u00a0\u00bbcenter\u00a0\u00bb style=\u00a0\u00bbvc_box_shadow\u00a0\u00bb onclick=\u00a0\u00bbcustom_link\u00a0\u00bb qode_css_animation=\u00a0\u00bb\u00a0\u00bb qode_hover_animation=\u00a0\u00bbzoom_in\u00a0\u00bb link=\u00a0\u00bbhttp:\/\/scanncut-brother.be\/index.php\/accessoires\/embossage\/3-feuilles-modele-embossage\/\u00a0\u00bb][vc_empty_space height=\u00a0\u00bb20px\u00a0\u00bb][vc_column_text]<\/p>\n<h5 style=\"text-align: center;\"><a href=\"http:\/\/scanncut-brother.be\/index.php\/accessoires\/embossage\/3-feuilles-modele-embossage\/\">Feuilles mod\u00e8le embossage (3)<\/a><\/h5>\n<p>[\/vc_column_text][vc_empty_space][\/qode_content_slider_item][qode_content_slider_item][vc_single_image image=\u00a0\u00bb3136&Prime; img_size=\u00a0\u00bbfull\u00a0\u00bb alignment=\u00a0\u00bbcenter\u00a0\u00bb style=\u00a0\u00bbvc_box_shadow\u00a0\u00bb onclick=\u00a0\u00bbcustom_link\u00a0\u00bb qode_css_animation=\u00a0\u00bb\u00a0\u00bb qode_hover_animation=\u00a0\u00bbzoom_in\u00a0\u00bb link=\u00a0\u00bbhttp:\/\/scanncut-brother.be\/index.php\/accessoires\/embossage\/2-feuilles-cuivre\/\u00a0\u00bb][vc_empty_space height=\u00a0\u00bb20px\u00a0\u00bb][vc_column_text]<\/p>\n<h5 id=\"h1item\" style=\"text-align: center;\"><a href=\"http:\/\/scanncut-brother.be\/index.php\/accessoires\/embossage\/2-feuilles-cuivre\/\">Feuilles m\u00e9talliques couleur cuivre<\/a><\/h5>\n<p>[\/vc_column_text][vc_empty_space][\/qode_content_slider_item][\/qode_content_slider][\/vc_column_inner][\/vc_row_inner][\/vc_column][\/vc_row][vc_row css_animation=\u00a0\u00bb\u00a0\u00bb row_type=\u00a0\u00bbrow\u00a0\u00bb use_row_as_full_screen_section=\u00a0\u00bbno\u00a0\u00bb type=\u00a0\u00bbgrid\u00a0\u00bb angled_section=\u00a0\u00bbno\u00a0\u00bb text_align=\u00a0\u00bbleft\u00a0\u00bb background_image_as_pattern=\u00a0\u00bbwithout_pattern\u00a0\u00bb z_index=\u00a0\u00bb\u00a0\u00bb background_color=\u00a0\u00bb#ffffff\u00a0\u00bb][vc_column][vc_empty_space height=\u00a0\u00bb60px\u00a0\u00bb][\/vc_column][\/vc_row]<\/p>\n<\/div>","protected":false},"excerpt":{"rendered":"<p>[vc_row css_animation=\u00a0\u00bb\u00a0\u00bb row_type=\u00a0\u00bbrow\u00a0\u00bb use_row_as_full_screen_section=\u00a0\u00bbno\u00a0\u00bb type=\u00a0\u00bbgrid\u00a0\u00bb angled_section=\u00a0\u00bbno\u00a0\u00bb text_align=\u00a0\u00bbleft\u00a0\u00bb background_image_as_pattern=\u00a0\u00bbwithout_pattern\u00a0\u00bb z_index=\u00a0\u00bb\u00a0\u00bb][vc_column offset=\u00a0\u00bbvc_hidden-xs\u00a0\u00bb][vc_empty_space height=\u00a0\u00bb60px\u00a0\u00bb][\/vc_column][\/vc_row][vc_row css_animation=\u00a0\u00bb\u00a0\u00bb row_type=\u00a0\u00bbrow\u00a0\u00bb use_row_as_full_screen_section=\u00a0\u00bbno\u00a0\u00bb type=\u00a0\u00bbgrid\u00a0\u00bb angled_section=\u00a0\u00bbno\u00a0\u00bb text_align=\u00a0\u00bbleft\u00a0\u00bb background_image_as_pattern=\u00a0\u00bbwithout_pattern\u00a0\u00bb z_index=\u00a0\u00bb\u00a0\u00bb][vc_column offset=\u00a0\u00bbvc_hidden-xs\u00a0\u00bb][vc_row_inner row_type=\u00a0\u00bbrow\u00a0\u00bb type=\u00a0\u00bbgrid\u00a0\u00bb text_align=\u00a0\u00bbcenter\u00a0\u00bb css_animation=\u00a0\u00bb\u00a0\u00bb][vc_column_inner width=\u00a0\u00bb1\/12&Prime;][vc_single_image image=\u00a0\u00bb3142&Prime; alignment=\u00a0\u00bbcenter\u00a0\u00bb onclick=\u00a0\u00bblink_image\u00a0\u00bb qode_css_animation=\u00a0\u00bb\u00a0\u00bb css=\u00a0\u00bb.vc_custom_1599210826071{padding-top: 10px !important;padding-bottom: 10px !important;}\u00a0\u00bb][vc_single_image image=\u00a0\u00bb3145&Prime; alignment=\u00a0\u00bbcenter\u00a0\u00bb onclick=\u00a0\u00bblink_image\u00a0\u00bb qode_css_animation=\u00a0\u00bb\u00a0\u00bb css=\u00a0\u00bb.vc_custom_1599210833586{padding-top: 10px !important;padding-bottom: 10px !important;}\u00a0\u00bb][vc_single_image image=\u00a0\u00bb3132&Prime; alignment=\u00a0\u00bbcenter\u00a0\u00bb&#8230;<\/p>\n","protected":false},"author":1,"featured_media":0,"parent":3127,"menu_order":0,"comment_status":"closed","ping_status":"closed","template":"full_width.php","meta":{"footnotes":""},"class_list":["post-3159","page","type-page","status-publish","hentry"],"aioseo_notices":[],"_links":{"self":[{"href":"https:\/\/scanncut-brother.be\/index.php\/wp-json\/wp\/v2\/pages\/3159","targetHints":{"allow":["GET"]}}],"collection":[{"href":"https:\/\/scanncut-brother.be\/index.php\/wp-json\/wp\/v2\/pages"}],"about":[{"href":"https:\/\/scanncut-brother.be\/index.php\/wp-json\/wp\/v2\/types\/page"}],"author":[{"embeddable":true,"href":"https:\/\/scanncut-brother.be\/index.php\/wp-json\/wp\/v2\/users\/1"}],"replies":[{"embeddable":true,"href":"https:\/\/scanncut-brother.be\/index.php\/wp-json\/wp\/v2\/comments?post=3159"}],"version-history":[{"count":20,"href":"https:\/\/scanncut-brother.be\/index.php\/wp-json\/wp\/v2\/pages\/3159\/revisions"}],"predecessor-version":[{"id":3221,"href":"https:\/\/scanncut-brother.be\/index.php\/wp-json\/wp\/v2\/pages\/3159\/revisions\/3221"}],"up":[{"embeddable":true,"href":"https:\/\/scanncut-brother.be\/index.php\/wp-json\/wp\/v2\/pages\/3127"}],"wp:attachment":[{"href":"https:\/\/scanncut-brother.be\/index.php\/wp-json\/wp\/v2\/media?parent=3159"}],"curies":[{"name":"wp","href":"https:\/\/api.w.org\/{rel}","templated":true}]}}