{"id":3186,"date":"2020-09-07T15:19:15","date_gmt":"2020-09-07T13:19:15","guid":{"rendered":"http:\/\/scanncut-brother.be\/?page_id=3186"},"modified":"2020-09-08T09:47:16","modified_gmt":"2020-09-08T07:47:16","slug":"ensemble-outils-embossage","status":"publish","type":"page","link":"https:\/\/scanncut-brother.be\/index.php\/accessoires\/embossage\/ensemble-outils-embossage\/","title":{"rendered":"Ensemble d&rsquo;outils d&#8217;embossage"},"content":{"rendered":"<div class=\"wpb-content-wrapper\"><p>[vc_row css_animation=\u00a0\u00bb\u00a0\u00bb row_type=\u00a0\u00bbrow\u00a0\u00bb use_row_as_full_screen_section=\u00a0\u00bbno\u00a0\u00bb type=\u00a0\u00bbgrid\u00a0\u00bb angled_section=\u00a0\u00bbno\u00a0\u00bb text_align=\u00a0\u00bbleft\u00a0\u00bb background_image_as_pattern=\u00a0\u00bbwithout_pattern\u00a0\u00bb z_index=\u00a0\u00bb\u00a0\u00bb][vc_column][vc_empty_space height=\u00a0\u00bb60px\u00a0\u00bb][\/vc_column][\/vc_row][vc_row css_animation=\u00a0\u00bb\u00a0\u00bb row_type=\u00a0\u00bbrow\u00a0\u00bb use_row_as_full_screen_section=\u00a0\u00bbno\u00a0\u00bb type=\u00a0\u00bbgrid\u00a0\u00bb angled_section=\u00a0\u00bbno\u00a0\u00bb text_align=\u00a0\u00bbleft\u00a0\u00bb background_image_as_pattern=\u00a0\u00bbwithout_pattern\u00a0\u00bb z_index=\u00a0\u00bb\u00a0\u00bb][vc_column offset=\u00a0\u00bbvc_hidden-sm vc_hidden-xs\u00a0\u00bb][vc_row_inner row_type=\u00a0\u00bbrow\u00a0\u00bb type=\u00a0\u00bbgrid\u00a0\u00bb text_align=\u00a0\u00bbcenter\u00a0\u00bb css_animation=\u00a0\u00bb\u00a0\u00bb][vc_column_inner width=\u00a0\u00bb1\/12&Prime;][vc_single_image image=\u00a0\u00bb3131&Prime; onclick=\u00a0\u00bblink_image\u00a0\u00bb qode_css_animation=\u00a0\u00bb\u00a0\u00bb css=\u00a0\u00bb.vc_custom_1599471385333{padding-top: 10px !important;padding-bottom: 10px !important;}\u00a0\u00bb][vc_single_image image=\u00a0\u00bb3145&Prime; onclick=\u00a0\u00bblink_image\u00a0\u00bb qode_css_animation=\u00a0\u00bb\u00a0\u00bb css=\u00a0\u00bb.vc_custom_1599471394338{padding-top: 10px !important;padding-bottom: 10px !important;}\u00a0\u00bb][\/vc_column_inner][vc_column_inner width=\u00a0\u00bb5\/12&Prime;][vc_single_image image=\u00a0\u00bb3130&Prime; img_size=\u00a0\u00bbfull\u00a0\u00bb alignment=\u00a0\u00bbcenter\u00a0\u00bb onclick=\u00a0\u00bblink_image\u00a0\u00bb qode_css_animation=\u00a0\u00bb\u00a0\u00bb css=\u00a0\u00bb.vc_custom_1599471374669{padding-right: 20px !important;padding-left: 20px !important;}\u00a0\u00bb][\/vc_column_inner][vc_column_inner width=\u00a0\u00bb1\/12&Prime;][\/vc_column_inner][vc_column_inner width=\u00a0\u00bb5\/12&Prime;][vc_column_text]<\/p>\n<h2 style=\"text-align: left;\">Ensemble d&rsquo;outils d&#8217;embossage<\/h2>\n<p>[\/vc_column_text][vc_column_text]<\/p>\n<p style=\"text-align: left;\">R\u00e9f: CAEBSTLS1<\/p>\n<p>[\/vc_column_text][vc_separator type=\u00a0\u00bbnormal\u00a0\u00bb color=\u00a0\u00bb#b3dd40&Prime;][vc_empty_space][vc_column_text]<\/p>\n<p style=\"text-align: left;\">Ensemble d&rsquo;un support et de deux outils de 1,5 mm et 3 mm pour r\u00e9aliser de l&#8217;embossage avec le ScanNCut de Brother<\/p>\n<p>[\/vc_column_text][vc_empty_space height=\u00a0\u00bb60px\u00a0\u00bb]<a  itemprop=\"url\" href=\"https:\/\/www.stecker.be\/fr\/produit=support-outils-embossage-scanncut-brother&#038;id=s80987\" target=\"_self\" data-hover-background-color=\"#b3dd40\" data-hover-border-color=\"#b3dd40\" class=\"qbutton  medium center default\" style=\"border-color: #b3dd40; background-color:#b3dd40;\">Acheter sur www.stecker.be<\/a>[\/vc_column_inner][\/vc_row_inner][\/vc_column][\/vc_row][vc_row css_animation=\u00a0\u00bb\u00a0\u00bb row_type=\u00a0\u00bbrow\u00a0\u00bb use_row_as_full_screen_section=\u00a0\u00bbno\u00a0\u00bb type=\u00a0\u00bbgrid\u00a0\u00bb angled_section=\u00a0\u00bbno\u00a0\u00bb text_align=\u00a0\u00bbcenter\u00a0\u00bb background_image_as_pattern=\u00a0\u00bbwithout_pattern\u00a0\u00bb z_index=\u00a0\u00bb\u00a0\u00bb][vc_column offset=\u00a0\u00bbvc_hidden-lg vc_hidden-md\u00a0\u00bb][vc_column_text]<\/p>\n<h2 style=\"text-align: left;\">Ensemble d&rsquo;outils d&#8217;embossage<\/h2>\n<p>[\/vc_column_text][vc_column_text]<\/p>\n<p style=\"text-align: left;\">R\u00e9f: CAEBSTLS1<\/p>\n<p>[\/vc_column_text][vc_separator type=\u00a0\u00bbnormal\u00a0\u00bb color=\u00a0\u00bb#b3dd40&Prime;][vc_empty_space][vc_single_image image=\u00a0\u00bb3130&Prime; img_size=\u00a0\u00bbfull\u00a0\u00bb alignment=\u00a0\u00bbcenter\u00a0\u00bb onclick=\u00a0\u00bblink_image\u00a0\u00bb qode_css_animation=\u00a0\u00bb\u00a0\u00bb css=\u00a0\u00bb.vc_custom_1599471374669{padding-right: 20px !important;padding-left: 20px !important;}\u00a0\u00bb][vc_empty_space][vc_row_inner row_type=\u00a0\u00bbrow\u00a0\u00bb type=\u00a0\u00bbfull_width\u00a0\u00bb text_align=\u00a0\u00bbcenter\u00a0\u00bb css_animation=\u00a0\u00bb\u00a0\u00bb][vc_column_inner][qode_content_slider auto_rotate=\u00a0\u00bb5&Prime; enable_drag=\u00a0\u00bbyes\u00a0\u00bb direction_nav=\u00a0\u00bbyes\u00a0\u00bb control_nav=\u00a0\u00bbyes\u00a0\u00bb control_nav_justify=\u00a0\u00bbno\u00a0\u00bb pause_on_hover=\u00a0\u00bbyes\u00a0\u00bb][qode_content_slider_item][vc_single_image image=\u00a0\u00bb3131&Prime; onclick=\u00a0\u00bblink_image\u00a0\u00bb qode_css_animation=\u00a0\u00bb\u00a0\u00bb css=\u00a0\u00bb.vc_custom_1599471385333{padding-top: 10px !important;padding-bottom: 10px !important;}\u00a0\u00bb][\/qode_content_slider_item][qode_content_slider_item][vc_single_image image=\u00a0\u00bb3145&Prime; onclick=\u00a0\u00bblink_image\u00a0\u00bb qode_css_animation=\u00a0\u00bb\u00a0\u00bb css=\u00a0\u00bb.vc_custom_1599471394338{padding-top: 10px !important;padding-bottom: 10px !important;}\u00a0\u00bb][\/qode_content_slider_item][\/qode_content_slider][\/vc_column_inner][\/vc_row_inner][vc_empty_space][vc_column_text]<\/p>\n<p style=\"text-align: left;\">Ensemble d&rsquo;un support et de deux outils de 1,5 mm et 3 mm pour r\u00e9aliser de l&#8217;embossage avec le ScanNCut de Brother<\/p>\n<p>[\/vc_column_text][vc_empty_space]<a  itemprop=\"url\" href=\"https:\/\/www.stecker.be\/fr\/produit=support-outils-embossage-scanncut-brother&#038;id=s80987\" target=\"_self\" data-hover-background-color=\"#b3dd40\" data-hover-border-color=\"#b3dd40\" class=\"qbutton  medium center default\" style=\"border-color: #b3dd40; background-color:#b3dd40;\">Acheter sur www.stecker.be<\/a>[\/vc_column][\/vc_row][vc_row css_animation=\u00a0\u00bb\u00a0\u00bb row_type=\u00a0\u00bbrow\u00a0\u00bb use_row_as_full_screen_section=\u00a0\u00bbno\u00a0\u00bb type=\u00a0\u00bbgrid\u00a0\u00bb angled_section=\u00a0\u00bbno\u00a0\u00bb text_align=\u00a0\u00bbleft\u00a0\u00bb background_image_as_pattern=\u00a0\u00bbwithout_pattern\u00a0\u00bb z_index=\u00a0\u00bb\u00a0\u00bb][vc_column][vc_empty_space height=\u00a0\u00bb60px\u00a0\u00bb][\/vc_column][\/vc_row][vc_row css_animation=\u00a0\u00bb\u00a0\u00bb row_type=\u00a0\u00bbrow\u00a0\u00bb use_row_as_full_screen_section=\u00a0\u00bbno\u00a0\u00bb type=\u00a0\u00bbgrid\u00a0\u00bb angled_section=\u00a0\u00bbno\u00a0\u00bb text_align=\u00a0\u00bbleft\u00a0\u00bb background_image_as_pattern=\u00a0\u00bbwithout_pattern\u00a0\u00bb css=\u00a0\u00bb.vc_custom_1579790459398{background-color: #ffffff !important;}\u00a0\u00bb z_index=\u00a0\u00bb\u00a0\u00bb background_color=\u00a0\u00bb#ffffff\u00a0\u00bb][vc_column][vc_empty_space height=\u00a0\u00bb60px\u00a0\u00bb][vc_row_inner row_type=\u00a0\u00bbrow\u00a0\u00bb type=\u00a0\u00bbgrid\u00a0\u00bb text_align=\u00a0\u00bbleft\u00a0\u00bb css_animation=\u00a0\u00bb\u00a0\u00bb][vc_column_inner width=\u00a0\u00bb2\/3&Prime;][vc_column_text]<\/p>\n<h3>Ensemble d&rsquo;outils d&#8217;embossage<\/h3>\n<p>[\/vc_column_text][vc_separator type=\u00a0\u00bbnormal\u00a0\u00bb color=\u00a0\u00bb#b3dd40&Prime;][vc_empty_space height=\u00a0\u00bb30px\u00a0\u00bb][vc_column_text]Avec deux embouts de taille diff\u00e9rente, cet ensemble d&rsquo;outils offre des possibilit\u00e9s infinies pour cr\u00e9er des projets ScanNCut uniques avec embossage de ligne et de zone sur m\u00e9tal et papier.<\/p>\n<p>&nbsp;<\/p>\n<div>\n<p><strong>Ce kit comprend :<\/strong><\/p>\n<p>1 porte-outil d&#8217;embossage<br \/>\n2 outils d&#8217;embossage (diam\u00e8tre 1,5 et 3 mm)<\/p>\n<\/div>\n<p>&nbsp;<\/p>\n<p>Le support d&#8217;embossage CAEBSMAT1 (vendu s\u00e9par\u00e9ment) est requis<\/p>\n<p>&nbsp;<\/p>\n<p>Un porte-outils et deux outils d&#8217;embossage sont d\u00e9j\u00e0 fournis dans le kit de d\u00e9marrage[\/vc_column_text][vc_empty_space height=\u00a0\u00bb30px\u00a0\u00bb][\/vc_column_inner][vc_column_inner width=\u00a0\u00bb1\/3&Prime;][vc_single_image image=\u00a0\u00bb3163&Prime; img_size=\u00a0\u00bbmedium\u00a0\u00bb alignment=\u00a0\u00bbcenter\u00a0\u00bb onclick=\u00a0\u00bblink_image\u00a0\u00bb qode_css_animation=\u00a0\u00bb\u00a0\u00bb][\/vc_column_inner][\/vc_row_inner][\/vc_column][\/vc_row][vc_row css_animation=\u00a0\u00bb\u00a0\u00bb row_type=\u00a0\u00bbrow\u00a0\u00bb use_row_as_full_screen_section=\u00a0\u00bbno\u00a0\u00bb type=\u00a0\u00bbgrid\u00a0\u00bb angled_section=\u00a0\u00bbno\u00a0\u00bb text_align=\u00a0\u00bbleft\u00a0\u00bb background_image_as_pattern=\u00a0\u00bbwithout_pattern\u00a0\u00bb z_index=\u00a0\u00bb\u00a0\u00bb background_color=\u00a0\u00bb#ffffff\u00a0\u00bb][vc_column][vc_empty_space height=\u00a0\u00bb60px\u00a0\u00bb][\/vc_column][\/vc_row][vc_row css_animation=\u00a0\u00bb\u00a0\u00bb row_type=\u00a0\u00bbrow\u00a0\u00bb use_row_as_full_screen_section=\u00a0\u00bbno\u00a0\u00bb type=\u00a0\u00bbgrid\u00a0\u00bb angled_section=\u00a0\u00bbno\u00a0\u00bb text_align=\u00a0\u00bbleft\u00a0\u00bb background_image_as_pattern=\u00a0\u00bbwithout_pattern\u00a0\u00bb z_index=\u00a0\u00bb\u00a0\u00bb background_color=\u00a0\u00bb#ffffff\u00a0\u00bb][vc_column][vc_column_text]<\/p>\n<h2 style=\"text-align: center;\"><span id=\"ctl00_ContentPlaceHolder1_RelatedProducts1_LabelRelatedTitle\">Produits apparent\u00e9s<\/span><\/h2>\n<p>[\/vc_column_text][vc_separator type=\u00a0\u00bbsmall\u00a0\u00bb position=\u00a0\u00bbcenter\u00a0\u00bb color=\u00a0\u00bb#b3dd40&Prime;][vc_empty_space][vc_row_inner row_type=\u00a0\u00bbrow\u00a0\u00bb type=\u00a0\u00bbfull_width\u00a0\u00bb text_align=\u00a0\u00bbcenter\u00a0\u00bb css_animation=\u00a0\u00bb\u00a0\u00bb][vc_column_inner width=\u00a0\u00bb1\/4&Prime; offset=\u00a0\u00bbvc_hidden-xs\u00a0\u00bb][\/vc_column_inner][vc_column_inner width=\u00a0\u00bb1\/4&Prime; offset=\u00a0\u00bbvc_hidden-xs\u00a0\u00bb][vc_single_image image=\u00a0\u00bb3134&Prime; img_size=\u00a0\u00bbfull\u00a0\u00bb alignment=\u00a0\u00bbcenter\u00a0\u00bb style=\u00a0\u00bbvc_box_shadow\u00a0\u00bb onclick=\u00a0\u00bbcustom_link\u00a0\u00bb qode_css_animation=\u00a0\u00bb\u00a0\u00bb qode_hover_animation=\u00a0\u00bbzoom_in\u00a0\u00bb link=\u00a0\u00bbhttp:\/\/scanncut-brother.be\/index.php\/accessoires\/embossage\/2-feuilles-argent\/\u00a0\u00bb][vc_empty_space height=\u00a0\u00bb20px\u00a0\u00bb][vc_column_text]<\/p>\n<h5 style=\"text-align: center;\"><a href=\"http:\/\/scanncut-brother.be\/index.php\/accessoires\/embossage\/2-feuilles-argent\/\">Feuilles m\u00e9talliques couleur argent<\/a><\/h5>\n<p>[\/vc_column_text][vc_empty_space][\/vc_column_inner][vc_column_inner width=\u00a0\u00bb1\/4&Prime; offset=\u00a0\u00bbvc_hidden-xs\u00a0\u00bb][vc_single_image image=\u00a0\u00bb3136&Prime; img_size=\u00a0\u00bbfull\u00a0\u00bb alignment=\u00a0\u00bbcenter\u00a0\u00bb style=\u00a0\u00bbvc_box_shadow\u00a0\u00bb onclick=\u00a0\u00bbcustom_link\u00a0\u00bb qode_css_animation=\u00a0\u00bb\u00a0\u00bb qode_hover_animation=\u00a0\u00bbzoom_in\u00a0\u00bb link=\u00a0\u00bbhttp:\/\/scanncut-brother.be\/index.php\/accessoires\/embossage\/2-feuilles-cuivre\/\u00a0\u00bb][vc_empty_space height=\u00a0\u00bb20px\u00a0\u00bb][vc_column_text]<\/p>\n<h5 style=\"text-align: center;\"><a href=\"http:\/\/scanncut-brother.be\/index.php\/accessoires\/embossage\/2-feuilles-cuivre\/\">Feuilles m\u00e9talliques couleur cuivre<\/a><\/h5>\n<p>[\/vc_column_text][vc_empty_space][\/vc_column_inner][vc_column_inner width=\u00a0\u00bb1\/4&Prime; offset=\u00a0\u00bbvc_hidden-xs\u00a0\u00bb][\/vc_column_inner][\/vc_row_inner][vc_row_inner row_type=\u00a0\u00bbrow\u00a0\u00bb type=\u00a0\u00bbfull_width\u00a0\u00bb text_align=\u00a0\u00bbleft\u00a0\u00bb css_animation=\u00a0\u00bb\u00a0\u00bb][vc_column_inner offset=\u00a0\u00bbvc_hidden-lg vc_hidden-md vc_hidden-sm\u00a0\u00bb][qode_content_slider auto_rotate=\u00a0\u00bb5&Prime; enable_drag=\u00a0\u00bbyes\u00a0\u00bb direction_nav=\u00a0\u00bbyes\u00a0\u00bb control_nav=\u00a0\u00bbyes\u00a0\u00bb control_nav_justify=\u00a0\u00bbno\u00a0\u00bb pause_on_hover=\u00a0\u00bbyes\u00a0\u00bb][qode_content_slider_item][vc_single_image image=\u00a0\u00bb3134&Prime; img_size=\u00a0\u00bbfull\u00a0\u00bb alignment=\u00a0\u00bbcenter\u00a0\u00bb style=\u00a0\u00bbvc_box_shadow\u00a0\u00bb onclick=\u00a0\u00bbcustom_link\u00a0\u00bb qode_css_animation=\u00a0\u00bb\u00a0\u00bb qode_hover_animation=\u00a0\u00bbzoom_in\u00a0\u00bb link=\u00a0\u00bbhttp:\/\/scanncut-brother.be\/index.php\/accessoires\/embossage\/2-feuilles-argent\/\u00a0\u00bb][vc_empty_space height=\u00a0\u00bb20px\u00a0\u00bb][vc_column_text]<\/p>\n<h5 style=\"text-align: center;\"><a href=\"http:\/\/scanncut-brother.be\/index.php\/accessoires\/embossage\/2-feuilles-argent\/\">Feuilles m\u00e9talliques couleur argent<\/a><\/h5>\n<p>[\/vc_column_text][vc_empty_space][\/qode_content_slider_item][qode_content_slider_item][vc_single_image image=\u00a0\u00bb3136&Prime; img_size=\u00a0\u00bbfull\u00a0\u00bb alignment=\u00a0\u00bbcenter\u00a0\u00bb style=\u00a0\u00bbvc_box_shadow\u00a0\u00bb onclick=\u00a0\u00bbcustom_link\u00a0\u00bb qode_css_animation=\u00a0\u00bb\u00a0\u00bb qode_hover_animation=\u00a0\u00bbzoom_in\u00a0\u00bb link=\u00a0\u00bbhttp:\/\/scanncut-brother.be\/index.php\/accessoires\/embossage\/2-feuilles-cuivre\/\u00a0\u00bb][vc_empty_space height=\u00a0\u00bb20px\u00a0\u00bb][vc_column_text]<\/p>\n<h5 style=\"text-align: center;\"><a href=\"http:\/\/scanncut-brother.be\/index.php\/accessoires\/embossage\/2-feuilles-cuivre\/\">Feuilles m\u00e9talliques couleur cuivre<\/a><\/h5>\n<p>[\/vc_column_text][vc_empty_space][\/qode_content_slider_item][\/qode_content_slider][\/vc_column_inner][\/vc_row_inner][\/vc_column][\/vc_row][vc_row css_animation=\u00a0\u00bb\u00a0\u00bb row_type=\u00a0\u00bbrow\u00a0\u00bb use_row_as_full_screen_section=\u00a0\u00bbno\u00a0\u00bb type=\u00a0\u00bbgrid\u00a0\u00bb angled_section=\u00a0\u00bbno\u00a0\u00bb text_align=\u00a0\u00bbleft\u00a0\u00bb background_image_as_pattern=\u00a0\u00bbwithout_pattern\u00a0\u00bb z_index=\u00a0\u00bb\u00a0\u00bb background_color=\u00a0\u00bb#ffffff\u00a0\u00bb][vc_column][vc_empty_space height=\u00a0\u00bb60px\u00a0\u00bb][\/vc_column][\/vc_row]<\/p>\n<\/div>","protected":false},"excerpt":{"rendered":"<p>[vc_row css_animation=\u00a0\u00bb\u00a0\u00bb row_type=\u00a0\u00bbrow\u00a0\u00bb use_row_as_full_screen_section=\u00a0\u00bbno\u00a0\u00bb type=\u00a0\u00bbgrid\u00a0\u00bb angled_section=\u00a0\u00bbno\u00a0\u00bb text_align=\u00a0\u00bbleft\u00a0\u00bb background_image_as_pattern=\u00a0\u00bbwithout_pattern\u00a0\u00bb z_index=\u00a0\u00bb\u00a0\u00bb][vc_column][vc_empty_space height=\u00a0\u00bb60px\u00a0\u00bb][\/vc_column][\/vc_row][vc_row css_animation=\u00a0\u00bb\u00a0\u00bb row_type=\u00a0\u00bbrow\u00a0\u00bb use_row_as_full_screen_section=\u00a0\u00bbno\u00a0\u00bb type=\u00a0\u00bbgrid\u00a0\u00bb angled_section=\u00a0\u00bbno\u00a0\u00bb text_align=\u00a0\u00bbleft\u00a0\u00bb background_image_as_pattern=\u00a0\u00bbwithout_pattern\u00a0\u00bb z_index=\u00a0\u00bb\u00a0\u00bb][vc_column offset=\u00a0\u00bbvc_hidden-sm vc_hidden-xs\u00a0\u00bb][vc_row_inner row_type=\u00a0\u00bbrow\u00a0\u00bb type=\u00a0\u00bbgrid\u00a0\u00bb text_align=\u00a0\u00bbcenter\u00a0\u00bb css_animation=\u00a0\u00bb\u00a0\u00bb][vc_column_inner width=\u00a0\u00bb1\/12&Prime;][vc_single_image image=\u00a0\u00bb3131&Prime; onclick=\u00a0\u00bblink_image\u00a0\u00bb qode_css_animation=\u00a0\u00bb\u00a0\u00bb css=\u00a0\u00bb.vc_custom_1599471385333{padding-top: 10px !important;padding-bottom: 10px !important;}\u00a0\u00bb][vc_single_image image=\u00a0\u00bb3145&Prime; onclick=\u00a0\u00bblink_image\u00a0\u00bb qode_css_animation=\u00a0\u00bb\u00a0\u00bb css=\u00a0\u00bb.vc_custom_1599471394338{padding-top: 10px !important;padding-bottom: 10px !important;}\u00a0\u00bb][\/vc_column_inner][vc_column_inner width=\u00a0\u00bb5\/12&Prime;][vc_single_image image=\u00a0\u00bb3130&Prime; img_size=\u00a0\u00bbfull\u00a0\u00bb alignment=\u00a0\u00bbcenter\u00a0\u00bb&#8230;<\/p>\n","protected":false},"author":1,"featured_media":0,"parent":3127,"menu_order":0,"comment_status":"closed","ping_status":"closed","template":"full_width.php","meta":{"footnotes":""},"class_list":["post-3186","page","type-page","status-publish","hentry"],"aioseo_notices":[],"_links":{"self":[{"href":"https:\/\/scanncut-brother.be\/index.php\/wp-json\/wp\/v2\/pages\/3186","targetHints":{"allow":["GET"]}}],"collection":[{"href":"https:\/\/scanncut-brother.be\/index.php\/wp-json\/wp\/v2\/pages"}],"about":[{"href":"https:\/\/scanncut-brother.be\/index.php\/wp-json\/wp\/v2\/types\/page"}],"author":[{"embeddable":true,"href":"https:\/\/scanncut-brother.be\/index.php\/wp-json\/wp\/v2\/users\/1"}],"replies":[{"embeddable":true,"href":"https:\/\/scanncut-brother.be\/index.php\/wp-json\/wp\/v2\/comments?post=3186"}],"version-history":[{"count":8,"href":"https:\/\/scanncut-brother.be\/index.php\/wp-json\/wp\/v2\/pages\/3186\/revisions"}],"predecessor-version":[{"id":3223,"href":"https:\/\/scanncut-brother.be\/index.php\/wp-json\/wp\/v2\/pages\/3186\/revisions\/3223"}],"up":[{"embeddable":true,"href":"https:\/\/scanncut-brother.be\/index.php\/wp-json\/wp\/v2\/pages\/3127"}],"wp:attachment":[{"href":"https:\/\/scanncut-brother.be\/index.php\/wp-json\/wp\/v2\/media?parent=3186"}],"curies":[{"name":"wp","href":"https:\/\/api.w.org\/{rel}","templated":true}]}}